{"id":317,"date":"2019-06-12T11:59:52","date_gmt":"2019-06-12T11:59:52","guid":{"rendered":"https:\/\/themes.getmotopress.com\/luviana\/?page_id=317"},"modified":"2024-04-10T17:23:21","modified_gmt":"2024-04-10T16:23:21","slug":"termos-e-condicoes","status":"publish","type":"page","link":"https:\/\/www.novacidade.net\/en\/termos-e-condicoes\/","title":{"rendered":"Terms and Conditions"},"content":{"rendered":"<h2 class=\"wp-block-heading\">Privacy policy for\u00a0Nova Cidade<\/h2>\n\n\n\n<p>All of your personal information collected will be used to help make your visit to our website as productive and pleasant as possible.<\/p>\n\n\n\n<p>Ensuring the confidentiality of the personal data of users of our website is important for Nova Cidade.<\/p>\n\n\n\n<p>All personal information relating to members, subscribers, customers or visitors who use Nova Cidade will be treated in accordance with the Personal Data Protection Law of October 26, 1998 (Law No. 67\/98).<\/p>\n\n\n\n<p>The personal information collected may include your name, email, telephone and\/or cell phone number, address, date of birth and\/or others.<\/p>\n\n\n\n<p>The use of Nova Cidade presupposes acceptance of this privacy agreement. The Nova Cidade team reserves the right to change this agreement without prior notice. Therefore, we recommend that you consult our privacy policy regularly so that you are always up to date.<\/p>\n\n\n\n<h2 class=\"wp-block-heading\">Legal Information<\/h2>\n\n\n\n<p>Arnaldo Ara\u00fajo &amp; Filho Lda<\/p>\n\n\n\n<p>Address: Rua Alfredo Keil, n 10 \u2013 2700-036 Amadora<\/p>\n\n\n\n<p>Fiscal Number: n\u00ba. 501935606 <\/p>\n\n\n\n<p>RNET: 1218 (Tourist Enterprise)<\/p>\n\n\n\n<h2 class=\"wp-block-heading\">Cancellation Policy<\/h2>\n\n\n\n<p>Non-Refundable Rate: Non-refundable in case of cancellation.<\/p>\n\n\n\n<h2 class=\"wp-block-heading\">Cookies<\/h2>\n\n\n\n<p>We use cookies to store information, such as your personal preferences when you visit our website. This may include a simple popup, or a link to various services we provide, such as forums.<\/p>\n\n\n\n<p>In addition, we also use third-party advertising on our website to support maintenance costs. Some of these advertisers may use technologies such as cookies and\/or web beacons when they advertise on our website, which will mean that these advertisers (such as Google through Google AdSense) will also receive your personal information, such as your IP address, your ISP, your browser, etc. This function is generally used for geotargeting (showing Lisbon advertising only to readers from Lisbon, e.g.) or showing advertising targeted to a type of user (such as showing restaurant advertising to a user who regularly visits cooking websites, e.g. ).<\/p>\n\n\n\n<p>You have the power to turn off your cookies, in your browser options, or by making changes to Anti-Virus program tools, such as Norton Internet Security. However, this may change the way you interact with our website or other websites. This may affect or prevent you from logging into programs, websites or forums on our and other networks.<\/p>\n\n\n\n<h2 class=\"wp-block-heading\">Links to Third Party Sites<\/h2>\n\n\n\n<p>Nova Cidade has links to other websites, which, in our opinion, may contain useful information\/tools for our visitors. Our privacy policy does not apply to third-party websites, so if you visit another website from ours, you should read its privacy policy.<\/p>\n\n\n\n<p>We are not responsible for the privacy policy or content present on these sites.<\/p>\n\n\n\n<h2 class=\"wp-block-heading\">CONSUMER INFORMATION<\/h2>\n\n\n\n<p>The consumer can resort to one of the Alternative Consumer Dispute Resolution entities whose name, contact details and website addresses on the Internet appear on the list of entities provided by the Consumer Department. For more information, consult the Consumer Portal:&nbsp;<a href=\"http:\/\/www.consumidor.pt\/\" target=\"_blank\" rel=\"noreferrer noopener\">http:\/\/www.consumidor.pt<\/a><\/p>\n\n\n\n<p>You can also access the electronic complaints book here:&nbsp;<a href=\"https:\/\/www.livroreclamacoes.pt\/\" target=\"_blank\" rel=\"noreferrer noopener\">https:\/\/www.livroreclamacoes.pt<\/a><\/p>","protected":false},"excerpt":{"rendered":"<p>Pol\u00edtica de privacidade para&nbsp;Nova Cidade Todas as suas informa\u00e7\u00f5es pessoais recolhidas, ser\u00e3o usadas para o ajudar a tornar a sua visita no nosso site o mais produtiva e agrad\u00e1vel poss\u00edvel. A garantia da confidencialidade dos dados pessoais dos utilizadores do nosso site \u00e9 importante para o Nova Cidade. Todas as informa\u00e7\u00f5es pessoais relativas a membros, [&hellip;]<\/p>\n","protected":false},"author":1,"featured_media":1178,"parent":0,"menu_order":0,"comment_status":"closed","ping_status":"closed","template":"","meta":{"inline_featured_image":false,"_monsterinsights_skip_tracking":false,"_monsterinsights_sitenote_active":false,"_monsterinsights_sitenote_note":"","_monsterinsights_sitenote_category":0,"footnotes":""},"class_list":["post-317","page","type-page","status-publish","has-post-thumbnail","hentry"],"yoast_head":"<!-- This site is optimized with the Yoast SEO plugin v27.4 - https:\/\/yoast.com\/product\/yoast-seo-wordpress\/ -->\n<title>Termos e Condi\u00e7\u00f5es - Hotel Nova Cidade<\/title>\n<meta name=\"robots\" content=\"index, follow, max-snippet:-1, max-image-preview:large, max-video-preview:-1\" \/>\n<link rel=\"canonical\" href=\"https:\/\/www.novacidade.net\/en\/termos-e-condicoes\/\" \/>\n<meta property=\"og:locale\" content=\"en_GB\" \/>\n<meta property=\"og:type\" content=\"article\" \/>\n<meta property=\"og:title\" content=\"Termos e Condi\u00e7\u00f5es - Hotel Nova Cidade\" \/>\n<meta property=\"og:description\" content=\"Pol\u00edtica de privacidade para&nbsp;Nova Cidade Todas as suas informa\u00e7\u00f5es pessoais recolhidas, ser\u00e3o usadas para o ajudar a tornar a sua visita no nosso site o mais produtiva e agrad\u00e1vel poss\u00edvel. A garantia da confidencialidade dos dados pessoais dos utilizadores do nosso site \u00e9 importante para o Nova Cidade. Todas as informa\u00e7\u00f5es pessoais relativas a membros, [&hellip;]\" \/>\n<meta property=\"og:url\" content=\"https:\/\/www.novacidade.net\/en\/termos-e-condicoes\/\" \/>\n<meta property=\"og:site_name\" content=\"Hotel Nova Cidade\" \/>\n<meta property=\"article:modified_time\" content=\"2024-04-10T16:23:21+00:00\" \/>\n<meta property=\"og:image\" content=\"https:\/\/www.novacidade.net\/wp-content\/uploads\/2023\/12\/header.jpg\" \/>\n\t<meta property=\"og:image:width\" content=\"1500\" \/>\n\t<meta property=\"og:image:height\" content=\"530\" \/>\n\t<meta property=\"og:image:type\" content=\"image\/jpeg\" \/>\n<meta name=\"twitter:card\" content=\"summary_large_image\" \/>\n<meta name=\"twitter:label1\" content=\"Estimated reading time\" \/>\n\t<meta name=\"twitter:data1\" content=\"4 minutes\" \/>\n<script type=\"application\/ld+json\" class=\"yoast-schema-graph\">{\"@context\":\"https:\\\/\\\/schema.org\",\"@graph\":[{\"@type\":\"WebPage\",\"@id\":\"https:\\\/\\\/www.novacidade.net\\\/termos-e-condicoes\\\/\",\"url\":\"https:\\\/\\\/www.novacidade.net\\\/termos-e-condicoes\\\/\",\"name\":\"Termos e Condi\u00e7\u00f5es - Hotel Nova Cidade\",\"isPartOf\":{\"@id\":\"https:\\\/\\\/www.novacidade.net\\\/#website\"},\"primaryImageOfPage\":{\"@id\":\"https:\\\/\\\/www.novacidade.net\\\/termos-e-condicoes\\\/#primaryimage\"},\"image\":{\"@id\":\"https:\\\/\\\/www.novacidade.net\\\/termos-e-condicoes\\\/#primaryimage\"},\"thumbnailUrl\":\"https:\\\/\\\/www.novacidade.net\\\/wp-content\\\/uploads\\\/2023\\\/12\\\/header.jpg\",\"datePublished\":\"2019-06-12T11:59:52+00:00\",\"dateModified\":\"2024-04-10T16:23:21+00:00\",\"breadcrumb\":{\"@id\":\"https:\\\/\\\/www.novacidade.net\\\/termos-e-condicoes\\\/#breadcrumb\"},\"inLanguage\":\"en-GB\",\"potentialAction\":[{\"@type\":\"ReadAction\",\"target\":[\"https:\\\/\\\/www.novacidade.net\\\/termos-e-condicoes\\\/\"]}]},{\"@type\":\"ImageObject\",\"inLanguage\":\"en-GB\",\"@id\":\"https:\\\/\\\/www.novacidade.net\\\/termos-e-condicoes\\\/#primaryimage\",\"url\":\"https:\\\/\\\/www.novacidade.net\\\/wp-content\\\/uploads\\\/2023\\\/12\\\/header.jpg\",\"contentUrl\":\"https:\\\/\\\/www.novacidade.net\\\/wp-content\\\/uploads\\\/2023\\\/12\\\/header.jpg\",\"width\":1500,\"height\":530},{\"@type\":\"BreadcrumbList\",\"@id\":\"https:\\\/\\\/www.novacidade.net\\\/termos-e-condicoes\\\/#breadcrumb\",\"itemListElement\":[{\"@type\":\"ListItem\",\"position\":1,\"name\":\"In\u00edcio\",\"item\":\"https:\\\/\\\/www.novacidade.net\\\/\"},{\"@type\":\"ListItem\",\"position\":2,\"name\":\"Termos e Condi\u00e7\u00f5es\"}]},{\"@type\":\"WebSite\",\"@id\":\"https:\\\/\\\/www.novacidade.net\\\/#website\",\"url\":\"https:\\\/\\\/www.novacidade.net\\\/\",\"name\":\"Hotel Nova Cidade\",\"description\":\"\",\"publisher\":{\"@id\":\"https:\\\/\\\/www.novacidade.net\\\/#organization\"},\"potentialAction\":[{\"@type\":\"SearchAction\",\"target\":{\"@type\":\"EntryPoint\",\"urlTemplate\":\"https:\\\/\\\/www.novacidade.net\\\/?s={search_term_string}\"},\"query-input\":{\"@type\":\"PropertyValueSpecification\",\"valueRequired\":true,\"valueName\":\"search_term_string\"}}],\"inLanguage\":\"en-GB\"},{\"@type\":\"Organization\",\"@id\":\"https:\\\/\\\/www.novacidade.net\\\/#organization\",\"name\":\"Hotel Nova Cidade\",\"url\":\"https:\\\/\\\/www.novacidade.net\\\/\",\"logo\":{\"@type\":\"ImageObject\",\"inLanguage\":\"en-GB\",\"@id\":\"https:\\\/\\\/www.novacidade.net\\\/#\\\/schema\\\/logo\\\/image\\\/\",\"url\":\"https:\\\/\\\/www.novacidade.net\\\/wp-content\\\/uploads\\\/2023\\\/12\\\/logo.jpg\",\"contentUrl\":\"https:\\\/\\\/www.novacidade.net\\\/wp-content\\\/uploads\\\/2023\\\/12\\\/logo.jpg\",\"width\":164,\"height\":63,\"caption\":\"Hotel Nova Cidade\"},\"image\":{\"@id\":\"https:\\\/\\\/www.novacidade.net\\\/#\\\/schema\\\/logo\\\/image\\\/\"}}]}<\/script>\n<!-- \/ Yoast SEO plugin. -->","yoast_head_json":{"title":"Termos e Condi\u00e7\u00f5es - Hotel Nova Cidade","robots":{"index":"index","follow":"follow","max-snippet":"max-snippet:-1","max-image-preview":"max-image-preview:large","max-video-preview":"max-video-preview:-1"},"canonical":"https:\/\/www.novacidade.net\/en\/termos-e-condicoes\/","og_locale":"en_GB","og_type":"article","og_title":"Termos e Condi\u00e7\u00f5es - Hotel Nova Cidade","og_description":"Pol\u00edtica de privacidade para&nbsp;Nova Cidade Todas as suas informa\u00e7\u00f5es pessoais recolhidas, ser\u00e3o usadas para o ajudar a tornar a sua visita no nosso site o mais produtiva e agrad\u00e1vel poss\u00edvel. A garantia da confidencialidade dos dados pessoais dos utilizadores do nosso site \u00e9 importante para o Nova Cidade. Todas as informa\u00e7\u00f5es pessoais relativas a membros, [&hellip;]","og_url":"https:\/\/www.novacidade.net\/en\/termos-e-condicoes\/","og_site_name":"Hotel Nova Cidade","article_modified_time":"2024-04-10T16:23:21+00:00","og_image":[{"width":1500,"height":530,"url":"https:\/\/www.novacidade.net\/wp-content\/uploads\/2023\/12\/header.jpg","type":"image\/jpeg"}],"twitter_card":"summary_large_image","twitter_misc":{"Estimated reading time":"4 minutes"},"schema":{"@context":"https:\/\/schema.org","@graph":[{"@type":"WebPage","@id":"https:\/\/www.novacidade.net\/termos-e-condicoes\/","url":"https:\/\/www.novacidade.net\/termos-e-condicoes\/","name":"Termos e Condi\u00e7\u00f5es - Hotel Nova Cidade","isPartOf":{"@id":"https:\/\/www.novacidade.net\/#website"},"primaryImageOfPage":{"@id":"https:\/\/www.novacidade.net\/termos-e-condicoes\/#primaryimage"},"image":{"@id":"https:\/\/www.novacidade.net\/termos-e-condicoes\/#primaryimage"},"thumbnailUrl":"https:\/\/www.novacidade.net\/wp-content\/uploads\/2023\/12\/header.jpg","datePublished":"2019-06-12T11:59:52+00:00","dateModified":"2024-04-10T16:23:21+00:00","breadcrumb":{"@id":"https:\/\/www.novacidade.net\/termos-e-condicoes\/#breadcrumb"},"inLanguage":"en-GB","potentialAction":[{"@type":"ReadAction","target":["https:\/\/www.novacidade.net\/termos-e-condicoes\/"]}]},{"@type":"ImageObject","inLanguage":"en-GB","@id":"https:\/\/www.novacidade.net\/termos-e-condicoes\/#primaryimage","url":"https:\/\/www.novacidade.net\/wp-content\/uploads\/2023\/12\/header.jpg","contentUrl":"https:\/\/www.novacidade.net\/wp-content\/uploads\/2023\/12\/header.jpg","width":1500,"height":530},{"@type":"BreadcrumbList","@id":"https:\/\/www.novacidade.net\/termos-e-condicoes\/#breadcrumb","itemListElement":[{"@type":"ListItem","position":1,"name":"In\u00edcio","item":"https:\/\/www.novacidade.net\/"},{"@type":"ListItem","position":2,"name":"Termos e Condi\u00e7\u00f5es"}]},{"@type":"WebSite","@id":"https:\/\/www.novacidade.net\/#website","url":"https:\/\/www.novacidade.net\/","name":"Hotel Nova Cidade","description":"","publisher":{"@id":"https:\/\/www.novacidade.net\/#organization"},"potentialAction":[{"@type":"SearchAction","target":{"@type":"EntryPoint","urlTemplate":"https:\/\/www.novacidade.net\/?s={search_term_string}"},"query-input":{"@type":"PropertyValueSpecification","valueRequired":true,"valueName":"search_term_string"}}],"inLanguage":"en-GB"},{"@type":"Organization","@id":"https:\/\/www.novacidade.net\/#organization","name":"Hotel Nova Cidade","url":"https:\/\/www.novacidade.net\/","logo":{"@type":"ImageObject","inLanguage":"en-GB","@id":"https:\/\/www.novacidade.net\/#\/schema\/logo\/image\/","url":"https:\/\/www.novacidade.net\/wp-content\/uploads\/2023\/12\/logo.jpg","contentUrl":"https:\/\/www.novacidade.net\/wp-content\/uploads\/2023\/12\/logo.jpg","width":164,"height":63,"caption":"Hotel Nova Cidade"},"image":{"@id":"https:\/\/www.novacidade.net\/#\/schema\/logo\/image\/"}}]}},"_links":{"self":[{"href":"https:\/\/www.novacidade.net\/en\/wp-json\/wp\/v2\/pages\/317","targetHints":{"allow":["GET"]}}],"collection":[{"href":"https:\/\/www.novacidade.net\/en\/wp-json\/wp\/v2\/pages"}],"about":[{"href":"https:\/\/www.novacidade.net\/en\/wp-json\/wp\/v2\/types\/page"}],"author":[{"embeddable":true,"href":"https:\/\/www.novacidade.net\/en\/wp-json\/wp\/v2\/users\/1"}],"replies":[{"embeddable":true,"href":"https:\/\/www.novacidade.net\/en\/wp-json\/wp\/v2\/comments?post=317"}],"version-history":[{"count":2,"href":"https:\/\/www.novacidade.net\/en\/wp-json\/wp\/v2\/pages\/317\/revisions"}],"predecessor-version":[{"id":1304,"href":"https:\/\/www.novacidade.net\/en\/wp-json\/wp\/v2\/pages\/317\/revisions\/1304"}],"wp:featuredmedia":[{"embeddable":true,"href":"https:\/\/www.novacidade.net\/en\/wp-json\/wp\/v2\/media\/1178"}],"wp:attachment":[{"href":"https:\/\/www.novacidade.net\/en\/wp-json\/wp\/v2\/media?parent=317"}],"curies":[{"name":"wp","href":"https:\/\/api.w.org\/{rel}","templated":true}]}}