{"id":29,"date":"2019-06-11T10:06:47","date_gmt":"2019-06-11T10:06:47","guid":{"rendered":"https:\/\/themes.getmotopress.com\/luviana\/booking-confirmation\/payment-success\/"},"modified":"2024-02-07T12:52:31","modified_gmt":"2024-02-07T12:52:31","slug":"payment-success","status":"publish","type":"page","link":"https:\/\/www.novacidade.net\/en\/booking-confirmation\/payment-success\/","title":{"rendered":"Payment Success"},"content":{"rendered":"<p>Thank you for your payment. Your transaction has been completed and a receipt for your purchase will be sent to you.<\/p>","protected":false},"excerpt":{"rendered":"<p>Thank you for your payment. Your transaction has been completed and a receipt for your purchase will be sent to you.<\/p>","protected":false},"author":1,"featured_media":0,"parent":26,"menu_order":0,"comment_status":"closed","ping_status":"closed","template":"","meta":{"inline_featured_image":false,"_monsterinsights_skip_tracking":false,"_monsterinsights_sitenote_active":false,"_monsterinsights_sitenote_note":"","_monsterinsights_sitenote_category":0,"footnotes":""},"class_list":["post-29","page","type-page","status-publish","hentry"],"yoast_head":"<!-- This site is optimized with the Yoast SEO plugin v27.4 - https:\/\/yoast.com\/product\/yoast-seo-wordpress\/ -->\n<title>Pagamento bem sucedido - Hotel Nova Cidade<\/title>\n<meta name=\"robots\" content=\"index, follow, max-snippet:-1, max-image-preview:large, max-video-preview:-1\" \/>\n<link rel=\"canonical\" href=\"https:\/\/www.novacidade.net\/en\/booking-confirmation\/payment-success\/\" \/>\n<meta property=\"og:locale\" content=\"en_GB\" \/>\n<meta property=\"og:type\" content=\"article\" \/>\n<meta property=\"og:title\" content=\"Pagamento bem sucedido - Hotel Nova Cidade\" \/>\n<meta property=\"og:description\" content=\"Obrigado pelo seu pagamento. A transa\u00e7\u00e3o foi conclu\u00edda e o recibo ser-lhe-\u00e1 enviado.\" \/>\n<meta property=\"og:url\" content=\"https:\/\/www.novacidade.net\/en\/booking-confirmation\/payment-success\/\" \/>\n<meta property=\"og:site_name\" content=\"Hotel Nova Cidade\" \/>\n<meta property=\"article:modified_time\" content=\"2024-02-07T12:52:31+00:00\" \/>\n<meta name=\"twitter:card\" content=\"summary_large_image\" \/>\n<meta name=\"twitter:label1\" content=\"Estimated reading time\" \/>\n\t<meta name=\"twitter:data1\" content=\"1 minute\" \/>\n<script type=\"application\/ld+json\" class=\"yoast-schema-graph\">{\"@context\":\"https:\\\/\\\/schema.org\",\"@graph\":[{\"@type\":\"WebPage\",\"@id\":\"https:\\\/\\\/www.novacidade.net\\\/booking-confirmation\\\/payment-success\\\/\",\"url\":\"https:\\\/\\\/www.novacidade.net\\\/booking-confirmation\\\/payment-success\\\/\",\"name\":\"Pagamento bem sucedido - Hotel Nova Cidade\",\"isPartOf\":{\"@id\":\"https:\\\/\\\/www.novacidade.net\\\/#website\"},\"datePublished\":\"2019-06-11T10:06:47+00:00\",\"dateModified\":\"2024-02-07T12:52:31+00:00\",\"breadcrumb\":{\"@id\":\"https:\\\/\\\/www.novacidade.net\\\/booking-confirmation\\\/payment-success\\\/#breadcrumb\"},\"inLanguage\":\"en-GB\",\"potentialAction\":[{\"@type\":\"ReadAction\",\"target\":[\"https:\\\/\\\/www.novacidade.net\\\/booking-confirmation\\\/payment-success\\\/\"]}]},{\"@type\":\"BreadcrumbList\",\"@id\":\"https:\\\/\\\/www.novacidade.net\\\/booking-confirmation\\\/payment-success\\\/#breadcrumb\",\"itemListElement\":[{\"@type\":\"ListItem\",\"position\":1,\"name\":\"In\u00edcio\",\"item\":\"https:\\\/\\\/www.novacidade.net\\\/\"},{\"@type\":\"ListItem\",\"position\":2,\"name\":\"Confirma\u00e7\u00e3o da Reserva\",\"item\":\"https:\\\/\\\/www.novacidade.net\\\/booking-confirmation\\\/\"},{\"@type\":\"ListItem\",\"position\":3,\"name\":\"Pagamento bem sucedido\"}]},{\"@type\":\"WebSite\",\"@id\":\"https:\\\/\\\/www.novacidade.net\\\/#website\",\"url\":\"https:\\\/\\\/www.novacidade.net\\\/\",\"name\":\"Hotel Nova Cidade\",\"description\":\"\",\"publisher\":{\"@id\":\"https:\\\/\\\/www.novacidade.net\\\/#organization\"},\"potentialAction\":[{\"@type\":\"SearchAction\",\"target\":{\"@type\":\"EntryPoint\",\"urlTemplate\":\"https:\\\/\\\/www.novacidade.net\\\/?s={search_term_string}\"},\"query-input\":{\"@type\":\"PropertyValueSpecification\",\"valueRequired\":true,\"valueName\":\"search_term_string\"}}],\"inLanguage\":\"en-GB\"},{\"@type\":\"Organization\",\"@id\":\"https:\\\/\\\/www.novacidade.net\\\/#organization\",\"name\":\"Hotel Nova Cidade\",\"url\":\"https:\\\/\\\/www.novacidade.net\\\/\",\"logo\":{\"@type\":\"ImageObject\",\"inLanguage\":\"en-GB\",\"@id\":\"https:\\\/\\\/www.novacidade.net\\\/#\\\/schema\\\/logo\\\/image\\\/\",\"url\":\"https:\\\/\\\/www.novacidade.net\\\/wp-content\\\/uploads\\\/2023\\\/12\\\/logo.jpg\",\"contentUrl\":\"https:\\\/\\\/www.novacidade.net\\\/wp-content\\\/uploads\\\/2023\\\/12\\\/logo.jpg\",\"width\":164,\"height\":63,\"caption\":\"Hotel Nova Cidade\"},\"image\":{\"@id\":\"https:\\\/\\\/www.novacidade.net\\\/#\\\/schema\\\/logo\\\/image\\\/\"}}]}<\/script>\n<!-- \/ Yoast SEO plugin. -->","yoast_head_json":{"title":"Pagamento bem sucedido - Hotel Nova Cidade","robots":{"index":"index","follow":"follow","max-snippet":"max-snippet:-1","max-image-preview":"max-image-preview:large","max-video-preview":"max-video-preview:-1"},"canonical":"https:\/\/www.novacidade.net\/en\/booking-confirmation\/payment-success\/","og_locale":"en_GB","og_type":"article","og_title":"Pagamento bem sucedido - Hotel Nova Cidade","og_description":"Obrigado pelo seu pagamento. A transa\u00e7\u00e3o foi conclu\u00edda e o recibo ser-lhe-\u00e1 enviado.","og_url":"https:\/\/www.novacidade.net\/en\/booking-confirmation\/payment-success\/","og_site_name":"Hotel Nova Cidade","article_modified_time":"2024-02-07T12:52:31+00:00","twitter_card":"summary_large_image","twitter_misc":{"Estimated reading time":"1 minute"},"schema":{"@context":"https:\/\/schema.org","@graph":[{"@type":"WebPage","@id":"https:\/\/www.novacidade.net\/booking-confirmation\/payment-success\/","url":"https:\/\/www.novacidade.net\/booking-confirmation\/payment-success\/","name":"Pagamento bem sucedido - Hotel Nova Cidade","isPartOf":{"@id":"https:\/\/www.novacidade.net\/#website"},"datePublished":"2019-06-11T10:06:47+00:00","dateModified":"2024-02-07T12:52:31+00:00","breadcrumb":{"@id":"https:\/\/www.novacidade.net\/booking-confirmation\/payment-success\/#breadcrumb"},"inLanguage":"en-GB","potentialAction":[{"@type":"ReadAction","target":["https:\/\/www.novacidade.net\/booking-confirmation\/payment-success\/"]}]},{"@type":"BreadcrumbList","@id":"https:\/\/www.novacidade.net\/booking-confirmation\/payment-success\/#breadcrumb","itemListElement":[{"@type":"ListItem","position":1,"name":"In\u00edcio","item":"https:\/\/www.novacidade.net\/"},{"@type":"ListItem","position":2,"name":"Confirma\u00e7\u00e3o da Reserva","item":"https:\/\/www.novacidade.net\/booking-confirmation\/"},{"@type":"ListItem","position":3,"name":"Pagamento bem sucedido"}]},{"@type":"WebSite","@id":"https:\/\/www.novacidade.net\/#website","url":"https:\/\/www.novacidade.net\/","name":"Hotel Nova Cidade","description":"","publisher":{"@id":"https:\/\/www.novacidade.net\/#organization"},"potentialAction":[{"@type":"SearchAction","target":{"@type":"EntryPoint","urlTemplate":"https:\/\/www.novacidade.net\/?s={search_term_string}"},"query-input":{"@type":"PropertyValueSpecification","valueRequired":true,"valueName":"search_term_string"}}],"inLanguage":"en-GB"},{"@type":"Organization","@id":"https:\/\/www.novacidade.net\/#organization","name":"Hotel Nova Cidade","url":"https:\/\/www.novacidade.net\/","logo":{"@type":"ImageObject","inLanguage":"en-GB","@id":"https:\/\/www.novacidade.net\/#\/schema\/logo\/image\/","url":"https:\/\/www.novacidade.net\/wp-content\/uploads\/2023\/12\/logo.jpg","contentUrl":"https:\/\/www.novacidade.net\/wp-content\/uploads\/2023\/12\/logo.jpg","width":164,"height":63,"caption":"Hotel Nova Cidade"},"image":{"@id":"https:\/\/www.novacidade.net\/#\/schema\/logo\/image\/"}}]}},"_links":{"self":[{"href":"https:\/\/www.novacidade.net\/en\/wp-json\/wp\/v2\/pages\/29","targetHints":{"allow":["GET"]}}],"collection":[{"href":"https:\/\/www.novacidade.net\/en\/wp-json\/wp\/v2\/pages"}],"about":[{"href":"https:\/\/www.novacidade.net\/en\/wp-json\/wp\/v2\/types\/page"}],"author":[{"embeddable":true,"href":"https:\/\/www.novacidade.net\/en\/wp-json\/wp\/v2\/users\/1"}],"replies":[{"embeddable":true,"href":"https:\/\/www.novacidade.net\/en\/wp-json\/wp\/v2\/comments?post=29"}],"version-history":[{"count":2,"href":"https:\/\/www.novacidade.net\/en\/wp-json\/wp\/v2\/pages\/29\/revisions"}],"predecessor-version":[{"id":1279,"href":"https:\/\/www.novacidade.net\/en\/wp-json\/wp\/v2\/pages\/29\/revisions\/1279"}],"up":[{"embeddable":true,"href":"https:\/\/www.novacidade.net\/en\/wp-json\/wp\/v2\/pages\/26"}],"wp:attachment":[{"href":"https:\/\/www.novacidade.net\/en\/wp-json\/wp\/v2\/media?parent=29"}],"curies":[{"name":"wp","href":"https:\/\/api.w.org\/{rel}","templated":true}]}}