{"id":1166,"date":"2023-12-21T15:42:21","date_gmt":"2023-12-21T15:42:21","guid":{"rendered":"https:\/\/www.novacidade.net\/?page_id=1166"},"modified":"2024-02-20T12:53:42","modified_gmt":"2024-02-20T12:53:42","slug":"servicos","status":"publish","type":"page","link":"https:\/\/www.novacidade.net\/en\/servicos\/","title":{"rendered":"Services"},"content":{"rendered":"<div class=\"wp-block-getwid-section alignfull alignfull getwid-margin-top-none getwid-margin-bottom-none\"><div class=\"wp-block-getwid-section__wrapper getwid-padding-top-none getwid-padding-bottom-none getwid-padding-left-medium getwid-padding-right-medium getwid-padding-mobile-left-small getwid-padding-mobile-right-small getwid-align-items-flex-start\"><div class=\"wp-block-getwid-section__inner-wrapper\"><div class=\"wp-block-getwid-section__background-holder\"><div class=\"wp-block-getwid-section__background\"><\/div><div class=\"wp-block-getwid-section__foreground\"><\/div><\/div><div class=\"wp-block-getwid-section__content\"><div class=\"wp-block-getwid-section__inner-content\">\n<div class=\"wp-block-columns has-3-columns is-layout-flex wp-container-core-columns-is-layout-9d6595d7 wp-block-columns-is-layout-flex\">\n<div class=\"wp-block-column is-layout-flow wp-block-column-is-layout-flow\">\n<div class=\"wp-block-getwid-section\"><div class=\"wp-block-getwid-section__wrapper\"><div class=\"wp-block-getwid-section__inner-wrapper\"><div class=\"wp-block-getwid-section__background-holder\"><div class=\"wp-block-getwid-section__background\"><\/div><div class=\"wp-block-getwid-section__foreground\"><\/div><\/div><div class=\"wp-block-getwid-section__content\"><div class=\"wp-block-getwid-section__inner-content\">\n<figure class=\"wp-block-image size-full\"><img loading=\"lazy\" decoding=\"async\" width=\"650\" height=\"350\" src=\"https:\/\/www.novacidade.net\/wp-content\/uploads\/2024\/02\/servicos_pequeno-almoco2.jpg\" alt=\"\" class=\"wp-image-1296\" srcset=\"https:\/\/www.novacidade.net\/wp-content\/uploads\/2024\/02\/servicos_pequeno-almoco2.jpg 650w, https:\/\/www.novacidade.net\/wp-content\/uploads\/2024\/02\/servicos_pequeno-almoco2-300x162.jpg 300w, https:\/\/www.novacidade.net\/wp-content\/uploads\/2024\/02\/servicos_pequeno-almoco2-18x10.jpg 18w, https:\/\/www.novacidade.net\/wp-content\/uploads\/2024\/02\/servicos_pequeno-almoco2-600x323.jpg 600w\" sizes=\"auto, (max-width: 650px) 100vw, 650px\" \/><\/figure>\n\n\n\n<h3 class=\"wp-block-heading\">Breakfast<\/h3>\n\n\n\n<p>After a good night's sleep, enjoy a light meal first thing in the morning in the Breakfast Room at the Nova Cidade Hotel.<\/p>\n<\/div><\/div><\/div><\/div><\/div>\n<\/div>\n\n\n\n<div class=\"wp-block-column is-layout-flow wp-block-column-is-layout-flow\">\n<div class=\"wp-block-getwid-section\"><div class=\"wp-block-getwid-section__wrapper\"><div class=\"wp-block-getwid-section__inner-wrapper\"><div class=\"wp-block-getwid-section__background-holder\"><div class=\"wp-block-getwid-section__background\"><\/div><div class=\"wp-block-getwid-section__foreground\"><\/div><\/div><div class=\"wp-block-getwid-section__content\"><div class=\"wp-block-getwid-section__inner-content\">\n<figure class=\"wp-block-image size-full\"><img loading=\"lazy\" decoding=\"async\" width=\"334\" height=\"180\" src=\"https:\/\/www.novacidade.net\/wp-content\/uploads\/2023\/12\/servicos_internet-free-wifi-gratis.jpg\" alt=\"\" class=\"wp-image-1171\" srcset=\"https:\/\/www.novacidade.net\/wp-content\/uploads\/2023\/12\/servicos_internet-free-wifi-gratis.jpg 334w, https:\/\/www.novacidade.net\/wp-content\/uploads\/2023\/12\/servicos_internet-free-wifi-gratis-300x162.jpg 300w, https:\/\/www.novacidade.net\/wp-content\/uploads\/2023\/12\/servicos_internet-free-wifi-gratis-18x10.jpg 18w\" sizes=\"auto, (max-width: 334px) 100vw, 334px\" \/><\/figure>\n\n\n\n<h3 class=\"wp-block-heading\">Free Internet<\/h3>\n\n\n\n<p>We provide free WiFi internet access so you can comfortably work or share holiday photos with your friends.<\/p>\n<\/div><\/div><\/div><\/div><\/div>\n<\/div>\n\n\n\n<div class=\"wp-block-column is-layout-flow wp-block-column-is-layout-flow\">\n<div class=\"wp-block-getwid-section\"><div class=\"wp-block-getwid-section__wrapper\"><div class=\"wp-block-getwid-section__inner-wrapper\"><div class=\"wp-block-getwid-section__background-holder\"><div class=\"wp-block-getwid-section__background\"><\/div><div class=\"wp-block-getwid-section__foreground\"><\/div><\/div><div class=\"wp-block-getwid-section__content\"><div class=\"wp-block-getwid-section__inner-content\">\n<figure class=\"wp-block-image size-full\"><img loading=\"lazy\" decoding=\"async\" width=\"650\" height=\"350\" src=\"https:\/\/www.novacidade.net\/wp-content\/uploads\/2024\/02\/servicos_bar2.jpg\" alt=\"\" class=\"wp-image-1298\" srcset=\"https:\/\/www.novacidade.net\/wp-content\/uploads\/2024\/02\/servicos_bar2.jpg 650w, https:\/\/www.novacidade.net\/wp-content\/uploads\/2024\/02\/servicos_bar2-300x162.jpg 300w, https:\/\/www.novacidade.net\/wp-content\/uploads\/2024\/02\/servicos_bar2-18x10.jpg 18w, https:\/\/www.novacidade.net\/wp-content\/uploads\/2024\/02\/servicos_bar2-600x323.jpg 600w\" sizes=\"auto, (max-width: 650px) 100vw, 650px\" \/><\/figure>\n\n\n\n<h3 class=\"wp-block-heading\">Bar<\/h3>\n\n\n\n<p>Cool off and relax with a drink from our bar service. Ideal for the end of the day or while waiting for a friend or professional contact.<\/p>\n<\/div><\/div><\/div><\/div><\/div>\n<\/div>\n<\/div>\n<\/div><\/div><\/div><\/div><\/div>\n\n\n\n<div class=\"wp-block-getwid-section alignfull alignfull getwid-margin-top-none getwid-margin-bottom-none\"><div class=\"wp-block-getwid-section__wrapper getwid-padding-top-normal getwid-padding-bottom-none getwid-padding-left-medium getwid-padding-right-medium getwid-padding-mobile-left-small getwid-padding-mobile-right-small getwid-align-items-flex-start\"><div class=\"wp-block-getwid-section__inner-wrapper\"><div class=\"wp-block-getwid-section__background-holder\"><div class=\"wp-block-getwid-section__background\"><\/div><div class=\"wp-block-getwid-section__foreground\"><\/div><\/div><div class=\"wp-block-getwid-section__content\"><div class=\"wp-block-getwid-section__inner-content\">\n<div class=\"wp-block-columns has-3-columns is-layout-flex wp-container-core-columns-is-layout-9d6595d7 wp-block-columns-is-layout-flex\">\n<div class=\"wp-block-column is-layout-flow wp-block-column-is-layout-flow\">\n<div class=\"wp-block-getwid-section\"><div class=\"wp-block-getwid-section__wrapper\"><div class=\"wp-block-getwid-section__inner-wrapper\"><div class=\"wp-block-getwid-section__background-holder\"><div class=\"wp-block-getwid-section__background\"><\/div><div class=\"wp-block-getwid-section__foreground\"><\/div><\/div><div class=\"wp-block-getwid-section__content\"><div class=\"wp-block-getwid-section__inner-content\">\n<figure class=\"wp-block-image size-full\"><img loading=\"lazy\" decoding=\"async\" width=\"334\" height=\"180\" src=\"https:\/\/www.novacidade.net\/wp-content\/uploads\/2023\/12\/servicos_lavandadria-engomadoria.jpg\" alt=\"\" class=\"wp-image-1170\" srcset=\"https:\/\/www.novacidade.net\/wp-content\/uploads\/2023\/12\/servicos_lavandadria-engomadoria.jpg 334w, https:\/\/www.novacidade.net\/wp-content\/uploads\/2023\/12\/servicos_lavandadria-engomadoria-300x162.jpg 300w, https:\/\/www.novacidade.net\/wp-content\/uploads\/2023\/12\/servicos_lavandadria-engomadoria-18x10.jpg 18w\" sizes=\"auto, (max-width: 334px) 100vw, 334px\" \/><\/figure>\n\n\n\n<h3 class=\"wp-block-heading\">Laundry<\/h3>\n\n\n\n<p>Save space in your suitcase for gifts and souvenirs. Travel with less clothes with the help of our laundry and ironing service.<\/p>\n<\/div><\/div><\/div><\/div><\/div>\n<\/div>\n\n\n\n<div class=\"wp-block-column is-layout-flow wp-block-column-is-layout-flow\">\n<div class=\"wp-block-getwid-section\"><div class=\"wp-block-getwid-section__wrapper\"><div class=\"wp-block-getwid-section__inner-wrapper\"><div class=\"wp-block-getwid-section__background-holder\"><div class=\"wp-block-getwid-section__background\"><\/div><div class=\"wp-block-getwid-section__foreground\"><\/div><\/div><div class=\"wp-block-getwid-section__content\"><div class=\"wp-block-getwid-section__inner-content\">\n<figure class=\"wp-block-image size-full\"><img loading=\"lazy\" decoding=\"async\" width=\"334\" height=\"180\" src=\"https:\/\/www.novacidade.net\/wp-content\/uploads\/2023\/12\/servicos_aluguer-carro-car-rental.jpg\" alt=\"\" class=\"wp-image-1168\" srcset=\"https:\/\/www.novacidade.net\/wp-content\/uploads\/2023\/12\/servicos_aluguer-carro-car-rental.jpg 334w, https:\/\/www.novacidade.net\/wp-content\/uploads\/2023\/12\/servicos_aluguer-carro-car-rental-300x162.jpg 300w, https:\/\/www.novacidade.net\/wp-content\/uploads\/2023\/12\/servicos_aluguer-carro-car-rental-18x10.jpg 18w\" sizes=\"auto, (max-width: 334px) 100vw, 334px\" \/><\/figure>\n\n\n\n<h3 class=\"wp-block-heading\">Rent-a-car<\/h3>\n\n\n\n<p>If you want to discover all of Sintra's secret landscapes, you will need a car. Through our partners we have the right solution for you.<\/p>\n<\/div><\/div><\/div><\/div><\/div>\n<\/div>\n\n\n\n<div class=\"wp-block-column is-layout-flow wp-block-column-is-layout-flow\">\n<div class=\"wp-block-getwid-section\"><div class=\"wp-block-getwid-section__wrapper\"><div class=\"wp-block-getwid-section__inner-wrapper\"><div class=\"wp-block-getwid-section__background-holder\"><div class=\"wp-block-getwid-section__background\"><\/div><div class=\"wp-block-getwid-section__foreground\"><\/div><\/div><div class=\"wp-block-getwid-section__content\"><div class=\"wp-block-getwid-section__inner-content\">\n<figure class=\"wp-block-image size-full\"><img loading=\"lazy\" decoding=\"async\" width=\"334\" height=\"180\" src=\"https:\/\/www.novacidade.net\/wp-content\/uploads\/2023\/12\/turismo.jpg\" alt=\"\" class=\"wp-image-1172\" srcset=\"https:\/\/www.novacidade.net\/wp-content\/uploads\/2023\/12\/turismo.jpg 334w, https:\/\/www.novacidade.net\/wp-content\/uploads\/2023\/12\/turismo-300x162.jpg 300w, https:\/\/www.novacidade.net\/wp-content\/uploads\/2023\/12\/turismo-18x10.jpg 18w\" sizes=\"auto, (max-width: 334px) 100vw, 334px\" \/><\/figure>\n\n\n\n<h3 class=\"wp-block-heading\">Tourist Information<\/h3>\n\n\n\n<p>We are available to help you plan your trip to Lisbon and the Sintra Line. The best attractions, restaurants, nightlife and cultural agenda.<\/p>\n<\/div><\/div><\/div><\/div><\/div>\n<\/div>\n<\/div>\n<\/div><\/div><\/div><\/div><\/div>","protected":false},"excerpt":{"rendered":"<p>At Hotel Nova Cidade we cut prices without reducing quality. We have an experienced and friendly team at your service to provide you with maximum comfort during your stay in Amadora, Portugal. Being just a 15-minute drive from Lisbon, Sintra and the beaches, our hotel is close to one of the most beautiful areas in Europe, with the advantage of being more economical.<\/p>","protected":false},"author":1,"featured_media":1178,"parent":0,"menu_order":0,"comment_status":"closed","ping_status":"closed","template":"","meta":{"inline_featured_image":false,"_monsterinsights_skip_tracking":false,"_monsterinsights_sitenote_active":false,"_monsterinsights_sitenote_note":"","_monsterinsights_sitenote_category":0,"footnotes":""},"class_list":["post-1166","page","type-page","status-publish","has-post-thumbnail","hentry"],"yoast_head":"<!-- This site is optimized with the Yoast SEO plugin v27.4 - https:\/\/yoast.com\/product\/yoast-seo-wordpress\/ -->\n<title>Servi\u00e7os - Hotel Nova Cidade<\/title>\n<meta name=\"robots\" content=\"index, follow, max-snippet:-1, max-image-preview:large, max-video-preview:-1\" \/>\n<link rel=\"canonical\" href=\"https:\/\/www.novacidade.net\/en\/servicos\/\" \/>\n<meta property=\"og:locale\" content=\"en_GB\" \/>\n<meta property=\"og:type\" content=\"article\" \/>\n<meta property=\"og:title\" content=\"Servi\u00e7os - Hotel Nova Cidade\" \/>\n<meta property=\"og:description\" content=\"No Hotel Nova Cidade cortamos no pre\u00e7o sem reduzir a qualidade. Dispomos de uma equipa experiente e af\u00e1vel ao seu servi\u00e7o de forma a lhe proporcionarmos o m\u00e1ximo de conforto na sua estadia na Amadora, Portugal. Estando a apenas 15 minutos de viagem de Lisboa, de Sintra e das praias, o nosso hotel fica perto de uma das zonas mais bonitas da Europa, com a vantagem de ser mais econ\u00f3mico.\" \/>\n<meta property=\"og:url\" content=\"https:\/\/www.novacidade.net\/en\/servicos\/\" \/>\n<meta property=\"og:site_name\" content=\"Hotel Nova Cidade\" \/>\n<meta property=\"article:modified_time\" content=\"2024-02-20T12:53:42+00:00\" \/>\n<meta property=\"og:image\" content=\"https:\/\/www.novacidade.net\/wp-content\/uploads\/2023\/12\/header.jpg\" \/>\n\t<meta property=\"og:image:width\" content=\"1500\" \/>\n\t<meta property=\"og:image:height\" content=\"530\" \/>\n\t<meta property=\"og:image:type\" content=\"image\/jpeg\" \/>\n<meta name=\"twitter:card\" content=\"summary_large_image\" \/>\n<meta name=\"twitter:label1\" content=\"Estimated reading time\" \/>\n\t<meta name=\"twitter:data1\" content=\"3 minutes\" \/>\n<script type=\"application\/ld+json\" class=\"yoast-schema-graph\">{\"@context\":\"https:\\\/\\\/schema.org\",\"@graph\":[{\"@type\":\"WebPage\",\"@id\":\"https:\\\/\\\/www.novacidade.net\\\/servicos\\\/\",\"url\":\"https:\\\/\\\/www.novacidade.net\\\/servicos\\\/\",\"name\":\"Servi\u00e7os - Hotel Nova Cidade\",\"isPartOf\":{\"@id\":\"https:\\\/\\\/www.novacidade.net\\\/#website\"},\"primaryImageOfPage\":{\"@id\":\"https:\\\/\\\/www.novacidade.net\\\/servicos\\\/#primaryimage\"},\"image\":{\"@id\":\"https:\\\/\\\/www.novacidade.net\\\/servicos\\\/#primaryimage\"},\"thumbnailUrl\":\"https:\\\/\\\/www.novacidade.net\\\/wp-content\\\/uploads\\\/2023\\\/12\\\/header.jpg\",\"datePublished\":\"2023-12-21T15:42:21+00:00\",\"dateModified\":\"2024-02-20T12:53:42+00:00\",\"breadcrumb\":{\"@id\":\"https:\\\/\\\/www.novacidade.net\\\/servicos\\\/#breadcrumb\"},\"inLanguage\":\"en-GB\",\"potentialAction\":[{\"@type\":\"ReadAction\",\"target\":[\"https:\\\/\\\/www.novacidade.net\\\/servicos\\\/\"]}]},{\"@type\":\"ImageObject\",\"inLanguage\":\"en-GB\",\"@id\":\"https:\\\/\\\/www.novacidade.net\\\/servicos\\\/#primaryimage\",\"url\":\"https:\\\/\\\/www.novacidade.net\\\/wp-content\\\/uploads\\\/2023\\\/12\\\/header.jpg\",\"contentUrl\":\"https:\\\/\\\/www.novacidade.net\\\/wp-content\\\/uploads\\\/2023\\\/12\\\/header.jpg\",\"width\":1500,\"height\":530},{\"@type\":\"BreadcrumbList\",\"@id\":\"https:\\\/\\\/www.novacidade.net\\\/servicos\\\/#breadcrumb\",\"itemListElement\":[{\"@type\":\"ListItem\",\"position\":1,\"name\":\"In\u00edcio\",\"item\":\"https:\\\/\\\/www.novacidade.net\\\/\"},{\"@type\":\"ListItem\",\"position\":2,\"name\":\"Servi\u00e7os\"}]},{\"@type\":\"WebSite\",\"@id\":\"https:\\\/\\\/www.novacidade.net\\\/#website\",\"url\":\"https:\\\/\\\/www.novacidade.net\\\/\",\"name\":\"Hotel Nova Cidade\",\"description\":\"\",\"publisher\":{\"@id\":\"https:\\\/\\\/www.novacidade.net\\\/#organization\"},\"potentialAction\":[{\"@type\":\"SearchAction\",\"target\":{\"@type\":\"EntryPoint\",\"urlTemplate\":\"https:\\\/\\\/www.novacidade.net\\\/?s={search_term_string}\"},\"query-input\":{\"@type\":\"PropertyValueSpecification\",\"valueRequired\":true,\"valueName\":\"search_term_string\"}}],\"inLanguage\":\"en-GB\"},{\"@type\":\"Organization\",\"@id\":\"https:\\\/\\\/www.novacidade.net\\\/#organization\",\"name\":\"Hotel Nova Cidade\",\"url\":\"https:\\\/\\\/www.novacidade.net\\\/\",\"logo\":{\"@type\":\"ImageObject\",\"inLanguage\":\"en-GB\",\"@id\":\"https:\\\/\\\/www.novacidade.net\\\/#\\\/schema\\\/logo\\\/image\\\/\",\"url\":\"https:\\\/\\\/www.novacidade.net\\\/wp-content\\\/uploads\\\/2023\\\/12\\\/logo.jpg\",\"contentUrl\":\"https:\\\/\\\/www.novacidade.net\\\/wp-content\\\/uploads\\\/2023\\\/12\\\/logo.jpg\",\"width\":164,\"height\":63,\"caption\":\"Hotel Nova Cidade\"},\"image\":{\"@id\":\"https:\\\/\\\/www.novacidade.net\\\/#\\\/schema\\\/logo\\\/image\\\/\"}}]}<\/script>\n<!-- \/ Yoast SEO plugin. -->","yoast_head_json":{"title":"Servi\u00e7os - Hotel Nova Cidade","robots":{"index":"index","follow":"follow","max-snippet":"max-snippet:-1","max-image-preview":"max-image-preview:large","max-video-preview":"max-video-preview:-1"},"canonical":"https:\/\/www.novacidade.net\/en\/servicos\/","og_locale":"en_GB","og_type":"article","og_title":"Servi\u00e7os - Hotel Nova Cidade","og_description":"No Hotel Nova Cidade cortamos no pre\u00e7o sem reduzir a qualidade. Dispomos de uma equipa experiente e af\u00e1vel ao seu servi\u00e7o de forma a lhe proporcionarmos o m\u00e1ximo de conforto na sua estadia na Amadora, Portugal. Estando a apenas 15 minutos de viagem de Lisboa, de Sintra e das praias, o nosso hotel fica perto de uma das zonas mais bonitas da Europa, com a vantagem de ser mais econ\u00f3mico.","og_url":"https:\/\/www.novacidade.net\/en\/servicos\/","og_site_name":"Hotel Nova Cidade","article_modified_time":"2024-02-20T12:53:42+00:00","og_image":[{"width":1500,"height":530,"url":"https:\/\/www.novacidade.net\/wp-content\/uploads\/2023\/12\/header.jpg","type":"image\/jpeg"}],"twitter_card":"summary_large_image","twitter_misc":{"Estimated reading time":"3 minutes"},"schema":{"@context":"https:\/\/schema.org","@graph":[{"@type":"WebPage","@id":"https:\/\/www.novacidade.net\/servicos\/","url":"https:\/\/www.novacidade.net\/servicos\/","name":"Servi\u00e7os - Hotel Nova Cidade","isPartOf":{"@id":"https:\/\/www.novacidade.net\/#website"},"primaryImageOfPage":{"@id":"https:\/\/www.novacidade.net\/servicos\/#primaryimage"},"image":{"@id":"https:\/\/www.novacidade.net\/servicos\/#primaryimage"},"thumbnailUrl":"https:\/\/www.novacidade.net\/wp-content\/uploads\/2023\/12\/header.jpg","datePublished":"2023-12-21T15:42:21+00:00","dateModified":"2024-02-20T12:53:42+00:00","breadcrumb":{"@id":"https:\/\/www.novacidade.net\/servicos\/#breadcrumb"},"inLanguage":"en-GB","potentialAction":[{"@type":"ReadAction","target":["https:\/\/www.novacidade.net\/servicos\/"]}]},{"@type":"ImageObject","inLanguage":"en-GB","@id":"https:\/\/www.novacidade.net\/servicos\/#primaryimage","url":"https:\/\/www.novacidade.net\/wp-content\/uploads\/2023\/12\/header.jpg","contentUrl":"https:\/\/www.novacidade.net\/wp-content\/uploads\/2023\/12\/header.jpg","width":1500,"height":530},{"@type":"BreadcrumbList","@id":"https:\/\/www.novacidade.net\/servicos\/#breadcrumb","itemListElement":[{"@type":"ListItem","position":1,"name":"In\u00edcio","item":"https:\/\/www.novacidade.net\/"},{"@type":"ListItem","position":2,"name":"Servi\u00e7os"}]},{"@type":"WebSite","@id":"https:\/\/www.novacidade.net\/#website","url":"https:\/\/www.novacidade.net\/","name":"Hotel Nova Cidade","description":"","publisher":{"@id":"https:\/\/www.novacidade.net\/#organization"},"potentialAction":[{"@type":"SearchAction","target":{"@type":"EntryPoint","urlTemplate":"https:\/\/www.novacidade.net\/?s={search_term_string}"},"query-input":{"@type":"PropertyValueSpecification","valueRequired":true,"valueName":"search_term_string"}}],"inLanguage":"en-GB"},{"@type":"Organization","@id":"https:\/\/www.novacidade.net\/#organization","name":"Hotel Nova Cidade","url":"https:\/\/www.novacidade.net\/","logo":{"@type":"ImageObject","inLanguage":"en-GB","@id":"https:\/\/www.novacidade.net\/#\/schema\/logo\/image\/","url":"https:\/\/www.novacidade.net\/wp-content\/uploads\/2023\/12\/logo.jpg","contentUrl":"https:\/\/www.novacidade.net\/wp-content\/uploads\/2023\/12\/logo.jpg","width":164,"height":63,"caption":"Hotel Nova Cidade"},"image":{"@id":"https:\/\/www.novacidade.net\/#\/schema\/logo\/image\/"}}]}},"_links":{"self":[{"href":"https:\/\/www.novacidade.net\/en\/wp-json\/wp\/v2\/pages\/1166","targetHints":{"allow":["GET"]}}],"collection":[{"href":"https:\/\/www.novacidade.net\/en\/wp-json\/wp\/v2\/pages"}],"about":[{"href":"https:\/\/www.novacidade.net\/en\/wp-json\/wp\/v2\/types\/page"}],"author":[{"embeddable":true,"href":"https:\/\/www.novacidade.net\/en\/wp-json\/wp\/v2\/users\/1"}],"replies":[{"embeddable":true,"href":"https:\/\/www.novacidade.net\/en\/wp-json\/wp\/v2\/comments?post=1166"}],"version-history":[{"count":3,"href":"https:\/\/www.novacidade.net\/en\/wp-json\/wp\/v2\/pages\/1166\/revisions"}],"predecessor-version":[{"id":1299,"href":"https:\/\/www.novacidade.net\/en\/wp-json\/wp\/v2\/pages\/1166\/revisions\/1299"}],"wp:featuredmedia":[{"embeddable":true,"href":"https:\/\/www.novacidade.net\/en\/wp-json\/wp\/v2\/media\/1178"}],"wp:attachment":[{"href":"https:\/\/www.novacidade.net\/en\/wp-json\/wp\/v2\/media?parent=1166"}],"curies":[{"name":"wp","href":"https:\/\/api.w.org\/{rel}","templated":true}]}}