{"id":1161,"date":"2023-12-21T15:29:54","date_gmt":"2023-12-21T15:29:54","guid":{"rendered":"https:\/\/www.novacidade.net\/?page_id=1161"},"modified":"2024-02-20T11:58:31","modified_gmt":"2024-02-20T11:58:31","slug":"contactos","status":"publish","type":"page","link":"https:\/\/www.novacidade.net\/en\/contactos\/","title":{"rendered":"Contacts"},"content":{"rendered":"\n<div class=\"wp-block-getwid-section alignfull alignfull\"><div class=\"wp-block-getwid-section__wrapper getwid-padding-top-none getwid-padding-bottom-none getwid-padding-left-medium getwid-padding-right-medium getwid-padding-mobile-left-small getwid-padding-mobile-right-small\"><div class=\"wp-block-getwid-section__inner-wrapper\"><div class=\"wp-block-getwid-section__background-holder\"><div class=\"wp-block-getwid-section__background\"><\/div><div class=\"wp-block-getwid-section__foreground\"><\/div><\/div><div class=\"wp-block-getwid-section__content\"><div class=\"wp-block-getwid-section__inner-content\">\n<div class=\"wp-block-columns has-4-columns is-layout-flex wp-container-core-columns-is-layout-9d6595d7 wp-block-columns-is-layout-flex\">\n<div class=\"wp-block-column is-layout-flow wp-block-column-is-layout-flow\">\n<div class=\"wp-block-getwid-advanced-heading\" style=\"margin-bottom:20px\"><h5 class=\"wp-block-getwid-advanced-heading__content\">Morada<\/h5><\/div>\n\n\n\n<div class=\"wp-block-getwid-icon-box has-icon-left has-text-left\"><div style=\"margin-top:7px;margin-right:15px\" class=\"wp-block-getwid-icon-box__icon-container is-position-top\"><div class=\"wp-block-getwid-icon-box__icon-wrapper has-text-color has-gold-color\" style=\"font-size:16px;padding:0px\"><i class=\"fas fa-map-marker-alt\"><\/i><\/div><\/div><div class=\"wp-block-getwid-icon-box__content\">\n<p>Rua Alfredo Keil, 10<\/p>\n\n\n\n<p>2700-036&nbsp;Amadora \u2013 Portugal<\/p>\n<\/div><\/div>\n<\/div>\n\n\n\n<div class=\"wp-block-column is-layout-flow wp-block-column-is-layout-flow\">\n<div class=\"wp-block-getwid-advanced-heading\" style=\"margin-bottom:20px\"><h5 class=\"wp-block-getwid-advanced-heading__content\">Telefones<\/h5><\/div>\n\n\n\n<div class=\"wp-block-getwid-icon-box has-icon-left has-text-left\"><div style=\"margin-top:7px;margin-right:15px\" class=\"wp-block-getwid-icon-box__icon-container is-position-top\"><div class=\"wp-block-getwid-icon-box__icon-wrapper has-text-color has-gold-color\" style=\"font-size:16px;padding:0px\"><i class=\"fas fa-phone\"><\/i><\/div><\/div><div class=\"wp-block-getwid-icon-box__content\">\n<p><a href=\"tel:+351214920299\">+351 214920299<\/a><\/p>\n\n\n\n<p><a href=\"tel:+351214910309\">+351 214910309<\/a><\/p>\n\n\n\n<p class=\"has-small-font-size\"><em>(chamadas para a rede fixa nacional)<\/em><\/p>\n<\/div><\/div>\n<\/div>\n\n\n\n<div class=\"wp-block-column is-layout-flow wp-block-column-is-layout-flow\">\n<div class=\"wp-block-getwid-advanced-heading\" style=\"margin-bottom:20px\"><h5 class=\"wp-block-getwid-advanced-heading__content\">E-mail<\/h5><\/div>\n\n\n\n<div class=\"wp-block-getwid-icon-box has-icon-left has-text-left\"><div style=\"margin-top:7px;margin-right:15px\" class=\"wp-block-getwid-icon-box__icon-container is-position-top\"><div class=\"wp-block-getwid-icon-box__icon-wrapper has-text-color has-gold-color\" style=\"font-size:16px;padding:0px\"><i class=\"fas fa-envelope\"><\/i><\/div><\/div><div class=\"wp-block-getwid-icon-box__content\">\n<p><a href=\"mailto:geral@novacidade.net\">geral@novacidade.net<\/a><\/p>\n<\/div><\/div>\n<\/div>\n<\/div>\n<\/div><\/div><\/div><\/div><\/div>\n\n\n\n<div class=\"wp-block-getwid-section alignfull alignfull getwid-section-content-full-width\" style=\"margin-top:90px\"><div class=\"wp-block-getwid-section__wrapper getwid-padding-top-none getwid-padding-bottom-none getwid-padding-left-none getwid-padding-right-none\"><div class=\"wp-block-getwid-section__inner-wrapper\"><div class=\"wp-block-getwid-section__background-holder\"><div class=\"wp-block-getwid-section__background\" style=\"background-image:url('https:\/\/www.novo.amadorapalace.net\/wp-content\/uploads\/2019\/07\/image_placeholder-copy-5.png');background-size:contain\"><div class=\"wp-block-getwid-section__background-image-wrapper\"><img decoding=\"async\" class=\"wp-block-getwid-section__background-image\" src=\"https:\/\/www.novo.amadorapalace.net\/wp-content\/uploads\/2019\/07\/image_placeholder-copy-5.png\" alt=\"\"\/><\/div><\/div><div class=\"wp-block-getwid-section__foreground\"><\/div><\/div><div class=\"wp-block-getwid-section__content\"><div class=\"wp-block-getwid-section__inner-content\">\n<div class=\"wp-block-columns has-2-columns is-layout-flex wp-container-core-columns-is-layout-9d6595d7 wp-block-columns-is-layout-flex\">\n<div class=\"wp-block-column is-layout-flow wp-block-column-is-layout-flow\">\n<div class=\"wp-block-getwid-section bring-to-top getwid-section-content-custom-width\" style=\"margin-top:90px;margin-bottom:90px\"><div class=\"wp-block-getwid-section__wrapper getwid-padding-top-none getwid-padding-bottom-none getwid-padding-left-none getwid-padding-right-none getwid-justify-content-flex-end getwid-justify-content-tablet-center getwid-reset-min-height-tablet getwid-reset-min-height-mobile\" style=\"min-height:852px\"><div class=\"wp-block-getwid-section__inner-wrapper\" style=\"max-width:500px\"><div class=\"wp-block-getwid-section__background-holder\"><div class=\"wp-block-getwid-section__background\"><\/div><div class=\"wp-block-getwid-section__foreground\"><\/div><\/div><div class=\"wp-block-getwid-section__content\"><div class=\"wp-block-getwid-section__inner-content\">\n<div class=\"wp-block-getwid-section\"><div class=\"wp-block-getwid-section__wrapper\" style=\"padding-top:75px;padding-bottom:75px;padding-left:60px;padding-right:60px\"><div class=\"wp-block-getwid-section__inner-wrapper\"><div class=\"wp-block-getwid-section__background-holder\"><div class=\"wp-block-getwid-section__background has-background has-white-background-color\"><\/div><div class=\"wp-block-getwid-section__foreground\"><\/div><\/div><div class=\"wp-block-getwid-section__content\"><div class=\"wp-block-getwid-section__inner-content\">\n<div class=\"wp-block-getwid-advanced-heading is-style-default\" style=\"margin-bottom:20px\"><h2 class=\"wp-block-getwid-advanced-heading__content\">Fale Connosco!<\/h2><\/div>\n\n\n\n<noscript class=\"ninja-forms-noscript-message\">\n\tNotice: JavaScript is required for this content.<\/noscript>\n<div id=\"nf-form-2-cont\" class=\"nf-form-cont\" aria-live=\"polite\" aria-labelledby=\"nf-form-title-2\" aria-describedby=\"nf-form-errors-2\" role=\"form\">\n\n    <div class=\"nf-loading-spinner\"><\/div>\n\n<\/div>\n        <!-- That data is being printed as a workaround to page builders reordering the order of the scripts loaded-->\n        <script>var formDisplay=1;var nfForms=nfForms||[];var form=[];form.id='2';form.settings={\"objectType\":\"Form Setting\",\"editActive\":true,\"title\":\"Fale Connosco!\",\"show_title\":0,\"allow_public_link\":0,\"embed_form\":\"\",\"clear_complete\":1,\"hide_complete\":0,\"default_label_pos\":\"above\",\"wrapper_class\":\"\",\"element_class\":\"\",\"form_title_heading_level\":\"3\",\"key\":\"\",\"add_submit\":0,\"changeEmailErrorMsg\":\"Please enter a valid email address!\",\"changeDateErrorMsg\":\"Please enter a valid date!\",\"confirmFieldErrorMsg\":\"These fields must match!\",\"fieldNumberNumMinError\":\"Number Min Error\",\"fieldNumberNumMaxError\":\"Number Max Error\",\"fieldNumberIncrementBy\":\"Please increment by \",\"formErrorsCorrectErrors\":\"Please correct errors before submitting this form.\",\"validateRequiredField\":\"This is a required field.\",\"honeypotHoneypotError\":\"Honeypot Error\",\"fieldsMarkedRequired\":\"Fields marked with an <span class=\\\"ninja-forms-req-symbol\\\">*<\\\/span> are required\",\"currency\":\"\",\"unique_field_error\":\"A form with this value has already been submitted.\",\"logged_in\":false,\"not_logged_in_msg\":\"\",\"sub_limit_msg\":\"The form has reached its submission limit.\",\"calculations\":[],\"formContentData\":[\"nome_1703171360533\",\"email_1703171382623\",\"mensagem_1703171399343\",\"autorizo_que_este_site_guarde_a_informacao_que_vou_enviar_para_que_possam_responder_ao_meu_pedido_1703184760202\",\"recaptcha_1703171436599\",\"enviar_1703171463970\"],\"drawerDisabled\":false,\"ninjaForms\":\"Ninja Forms\",\"fieldTextareaRTEInsertLink\":\"Insert Link\",\"fieldTextareaRTEInsertMedia\":\"Insert Media\",\"fieldTextareaRTESelectAFile\":\"Select a file\",\"formHoneypot\":\"If you are a human seeing this field, please leave it empty.\",\"fileUploadOldCodeFileUploadInProgress\":\"File Upload in Progress.\",\"fileUploadOldCodeFileUpload\":\"FILE UPLOAD\",\"currencySymbol\":\"&euro;\",\"thousands_sep\":\",\",\"decimal_point\":\".\",\"siteLocale\":\"en_GB\",\"dateFormat\":\"d\\\/m\\\/Y\",\"startOfWeek\":\"1\",\"of\":\"of\",\"previousMonth\":\"Previous Month\",\"nextMonth\":\"Next Month\",\"months\":[\"January\",\"February\",\"March\",\"April\",\"May\",\"June\",\"July\",\"August\",\"September\",\"October\",\"November\",\"December\"],\"monthsShort\":[\"Jan\",\"Feb\",\"Mar\",\"Apr\",\"May\",\"Jun\",\"Jul\",\"Aug\",\"Sep\",\"Oct\",\"Nov\",\"Dec\"],\"weekdays\":[\"Sunday\",\"Monday\",\"Tuesday\",\"Wednesday\",\"Thursday\",\"Friday\",\"Saturday\"],\"weekdaysShort\":[\"Sun\",\"Mon\",\"Tue\",\"Wed\",\"Thu\",\"Fri\",\"Sat\"],\"weekdaysMin\":[\"Su\",\"Mo\",\"Tu\",\"We\",\"Th\",\"Fr\",\"Sa\"],\"recaptchaConsentMissing\":\"reCaptcha validation couldn&#039;t load.\",\"recaptchaMissingCookie\":\"reCaptcha v3 validation couldn&#039;t load the cookie needed to submit the form.\",\"recaptchaConsentEvent\":\"Accept reCaptcha cookies before sending the form.\",\"currency_symbol\":\"\",\"beforeForm\":\"\",\"beforeFields\":\"\",\"afterFields\":\"\",\"afterForm\":\"\"};form.fields=[{\"objectType\":\"Field\",\"objectDomain\":\"fields\",\"editActive\":false,\"order\":999,\"idAttribute\":\"id\",\"type\":\"textbox\",\"label\":\"Nome\",\"key\":\"nome_1703171360533\",\"label_pos\":\"above\",\"required\":1,\"default\":\"\",\"placeholder\":\"\",\"container_class\":\"\",\"element_class\":\"\",\"input_limit\":\"\",\"input_limit_type\":\"characters\",\"input_limit_msg\":\"Caracteres restantes\",\"manual_key\":false,\"admin_label\":\"\",\"help_text\":\"\",\"mask\":\"\",\"custom_mask\":\"\",\"custom_name_attribute\":\"\",\"personally_identifiable\":\"\",\"value\":\"\",\"drawerDisabled\":false,\"id\":5,\"beforeField\":\"\",\"afterField\":\"\",\"parentType\":\"textbox\",\"element_templates\":[\"textbox\",\"input\"],\"old_classname\":\"\",\"wrap_template\":\"wrap\"},{\"objectType\":\"Field\",\"objectDomain\":\"fields\",\"editActive\":false,\"order\":999,\"idAttribute\":\"id\",\"type\":\"email\",\"label\":\"Email\",\"key\":\"email_1703171382623\",\"label_pos\":\"above\",\"required\":1,\"default\":\"\",\"placeholder\":\"\",\"container_class\":\"\",\"element_class\":\"\",\"admin_label\":\"\",\"help_text\":\"\",\"custom_name_attribute\":\"email\",\"personally_identifiable\":1,\"value\":\"\",\"drawerDisabled\":false,\"id\":6,\"beforeField\":\"\",\"afterField\":\"\",\"parentType\":\"email\",\"element_templates\":[\"email\",\"input\"],\"old_classname\":\"\",\"wrap_template\":\"wrap\"},{\"objectType\":\"Field\",\"objectDomain\":\"fields\",\"editActive\":false,\"order\":999,\"idAttribute\":\"id\",\"type\":\"textarea\",\"label\":\"Mensagem\",\"key\":\"mensagem_1703171399343\",\"label_pos\":\"above\",\"required\":1,\"default\":\"\",\"placeholder\":\"\",\"container_class\":\"\",\"element_class\":\"\",\"input_limit\":\"\",\"input_limit_type\":\"characters\",\"input_limit_msg\":\"Caracteres restantes\",\"manual_key\":false,\"admin_label\":\"\",\"help_text\":\"\",\"textarea_rte\":\"\",\"disable_rte_mobile\":\"\",\"textarea_media\":\"\",\"value\":\"\",\"drawerDisabled\":false,\"id\":7,\"beforeField\":\"\",\"afterField\":\"\",\"parentType\":\"textarea\",\"element_templates\":[\"textarea\",\"input\"],\"old_classname\":\"\",\"wrap_template\":\"wrap\"},{\"objectType\":\"Field\",\"objectDomain\":\"fields\",\"editActive\":false,\"order\":999,\"idAttribute\":\"id\",\"type\":\"checkbox\",\"label\":\"Autorizo que este site guarde a informa\\u00e7\\u00e3o que vou enviar para que possam responder ao meu pedido\",\"key\":\"autorizo_que_este_site_guarde_a_informacao_que_vou_enviar_para_que_possam_responder_ao_meu_pedido_1703184760202\",\"label_pos\":\"right\",\"required\":1,\"container_class\":\"\",\"element_class\":\"\",\"manual_key\":false,\"admin_label\":\"\",\"help_text\":\"\",\"default_value\":\"unchecked\",\"checked_value\":\"Marcada\",\"unchecked_value\":\"Desmarcada\",\"checked_calc_value\":\"\",\"unchecked_calc_value\":\"\",\"drawerDisabled\":false,\"id\":8,\"beforeField\":\"\",\"afterField\":\"\",\"value\":\"\",\"parentType\":\"checkbox\",\"element_templates\":[\"checkbox\",\"input\"],\"old_classname\":\"\",\"wrap_template\":\"wrap\"},{\"objectType\":\"Field\",\"objectDomain\":\"fields\",\"editActive\":false,\"order\":999,\"idAttribute\":\"id\",\"type\":\"recaptcha\",\"label\":\"\",\"container_class\":\"\",\"element_class\":\"\",\"size\":\"visible\",\"key\":\"recaptcha_1703171436599\",\"drawerDisabled\":false,\"id\":9,\"beforeField\":\"\",\"afterField\":\"\",\"value\":\"\",\"label_pos\":\"above\",\"parentType\":\"textbox\",\"element_templates\":[\"recaptcha\",\"input\"],\"old_classname\":\"\",\"wrap_template\":\"wrap\",\"site_key\":\"6LdHrjgpAAAAAD_fjLmpqi1cOSz7PbVIvqQL2Z_u\",\"theme\":\"light\",\"lang\":false},{\"objectType\":\"Field\",\"objectDomain\":\"fields\",\"editActive\":false,\"order\":999,\"idAttribute\":\"id\",\"type\":\"submit\",\"label\":\"Enviar\",\"processing_label\":\"A enviar...\",\"container_class\":\"\",\"element_class\":\"\",\"key\":\"enviar_1703171463970\",\"drawerDisabled\":false,\"id\":10,\"beforeField\":\"\",\"afterField\":\"\",\"value\":\"\",\"label_pos\":\"above\",\"parentType\":\"textbox\",\"element_templates\":[\"submit\",\"button\",\"input\"],\"old_classname\":\"\",\"wrap_template\":\"wrap-no-label\"}];nfForms.push(form);<\/script>\n        \n<\/div><\/div><\/div><\/div><\/div>\n\n\n\n<figure class=\"wp-block-image size-full\"><a href=\"https:\/\/www.livroreclamacoes.pt\/\" target=\"_blank\" rel=\"noreferrer noopener\"><img loading=\"lazy\" decoding=\"async\" width=\"140\" height=\"58\" src=\"https:\/\/www.novacidade.net\/wp-content\/uploads\/2023\/12\/logo_livro_reclamacoes-2.png\" alt=\"\" class=\"wp-image-1176\" srcset=\"https:\/\/www.novacidade.net\/wp-content\/uploads\/2023\/12\/logo_livro_reclamacoes-2.png 140w, https:\/\/www.novacidade.net\/wp-content\/uploads\/2023\/12\/logo_livro_reclamacoes-2-18x7.png 18w\" sizes=\"auto, (max-width: 140px) 100vw, 140px\" \/><\/a><\/figure>\n<\/div><\/div><\/div><\/div><\/div>\n<\/div>\n\n\n\n<div class=\"wp-block-column is-layout-flow wp-block-column-is-layout-flow\">\n<div class=\"wp-block-getwid-section getwid-section-content-full-width\" style=\"margin-top:45px;margin-bottom:45px\"><div class=\"wp-block-getwid-section__wrapper getwid-padding-top-none getwid-padding-bottom-none getwid-padding-left-none getwid-padding-right-none\" style=\"margin-left:-90px\"><div class=\"wp-block-getwid-section__inner-wrapper\"><div class=\"wp-block-getwid-section__background-holder\"><div class=\"wp-block-getwid-section__background\"><\/div><div class=\"wp-block-getwid-section__foreground\"><\/div><\/div><div class=\"wp-block-getwid-section__content\"><div class=\"wp-block-getwid-section__inner-content\">\n<figure class=\"wp-block-image size-full is-resized\"><a href=\"https:\/\/www.google.com\/maps\/place\/Hotel+Nova+Cidade\/@38.7572264,-9.2371887,17z\/data=!3m1!4b1!4m8!3m7!1s0xd1ecda810998125:0x8d7d44a1e908b4bf!5m2!4m1!1i2!8m2!3d38.7572222!4d-9.235?hl=pt-PT\" target=\"_blank\" rel=\"noreferrer noopener\"><img loading=\"lazy\" decoding=\"async\" width=\"530\" height=\"446\" src=\"https:\/\/www.novacidade.net\/wp-content\/uploads\/2023\/12\/novacidade_mapa.jpg\" alt=\"\" class=\"wp-image-1163\" style=\"aspect-ratio:1.440217391304348;width:680px;height:auto\" srcset=\"https:\/\/www.novacidade.net\/wp-content\/uploads\/2023\/12\/novacidade_mapa.jpg 530w, https:\/\/www.novacidade.net\/wp-content\/uploads\/2023\/12\/novacidade_mapa-300x252.jpg 300w, https:\/\/www.novacidade.net\/wp-content\/uploads\/2023\/12\/novacidade_mapa-14x12.jpg 14w\" sizes=\"auto, (max-width: 530px) 100vw, 530px\" \/><\/a><\/figure>\n<\/div><\/div><\/div><\/div><\/div>\n<\/div>\n<\/div>\n<\/div><\/div><\/div><\/div><\/div>\n","protected":false},"excerpt":{"rendered":"<p>If you are looking for a comfortable and economical accommodation solution to visit Lisbon and Sintra, we invite you to stay at the Hotel Nova Cidade, in the center of Amadora. Immediate access to transport and 15 minutes from the capital, the airport, the town of Sintra and the beaches of Linha de Sintra. With 23 rooms available, complementary services and an affable and experienced team, we are your best option for a low-cost vacation.<\/p>","protected":false},"author":1,"featured_media":1178,"parent":0,"menu_order":0,"comment_status":"closed","ping_status":"closed","template":"","meta":{"inline_featured_image":false,"_monsterinsights_skip_tracking":false,"_monsterinsights_sitenote_active":false,"_monsterinsights_sitenote_note":"","_monsterinsights_sitenote_category":0,"footnotes":""},"class_list":["post-1161","page","type-page","status-publish","has-post-thumbnail","hentry"],"yoast_head":"<!-- This site is optimized with the Yoast SEO plugin v27.4 - https:\/\/yoast.com\/product\/yoast-seo-wordpress\/ -->\n<title>Contactos - Hotel Nova Cidade<\/title>\n<meta name=\"robots\" content=\"index, follow, max-snippet:-1, max-image-preview:large, max-video-preview:-1\" \/>\n<link rel=\"canonical\" href=\"https:\/\/www.novacidade.net\/en\/contactos\/\" \/>\n<meta property=\"og:locale\" content=\"en_GB\" \/>\n<meta property=\"og:type\" content=\"article\" \/>\n<meta property=\"og:title\" content=\"Contactos - Hotel Nova Cidade\" \/>\n<meta property=\"og:description\" content=\"Se procura uma solu\u00e7\u00e3o de alojamento c\u00f3moda e econ\u00f3mica para visitar Lisboa e Sintra, convidamo-lo a ficar alojado no Hotel Nova Cidade, no centro da Amadora. Acesso imediato a transportes e a 15 minutos da capital, do aeroporto, da vila de Sintra e das praias da Linha de Sintra. Com 23 quartos dispon\u00edveis, servi\u00e7os complementares e um equipa af\u00e1vel e experiente somos a sua melhor op\u00e7\u00e3o para umas f\u00e9rias low-cost.\" \/>\n<meta property=\"og:url\" content=\"https:\/\/www.novacidade.net\/en\/contactos\/\" \/>\n<meta property=\"og:site_name\" content=\"Hotel Nova Cidade\" \/>\n<meta property=\"article:modified_time\" content=\"2024-02-20T11:58:31+00:00\" \/>\n<meta property=\"og:image\" content=\"https:\/\/www.novacidade.net\/wp-content\/uploads\/2023\/12\/header.jpg\" \/>\n\t<meta property=\"og:image:width\" content=\"1500\" \/>\n\t<meta property=\"og:image:height\" content=\"530\" \/>\n\t<meta property=\"og:image:type\" content=\"image\/jpeg\" \/>\n<meta name=\"twitter:card\" content=\"summary_large_image\" \/>\n<meta name=\"twitter:label1\" content=\"Estimated reading time\" \/>\n\t<meta name=\"twitter:data1\" content=\"1 minute\" \/>\n<script type=\"application\/ld+json\" class=\"yoast-schema-graph\">{\"@context\":\"https:\\\/\\\/schema.org\",\"@graph\":[{\"@type\":\"WebPage\",\"@id\":\"https:\\\/\\\/www.novacidade.net\\\/contactos\\\/\",\"url\":\"https:\\\/\\\/www.novacidade.net\\\/contactos\\\/\",\"name\":\"Contactos - Hotel Nova Cidade\",\"isPartOf\":{\"@id\":\"https:\\\/\\\/www.novacidade.net\\\/#website\"},\"primaryImageOfPage\":{\"@id\":\"https:\\\/\\\/www.novacidade.net\\\/contactos\\\/#primaryimage\"},\"image\":{\"@id\":\"https:\\\/\\\/www.novacidade.net\\\/contactos\\\/#primaryimage\"},\"thumbnailUrl\":\"https:\\\/\\\/www.novacidade.net\\\/wp-content\\\/uploads\\\/2023\\\/12\\\/header.jpg\",\"datePublished\":\"2023-12-21T15:29:54+00:00\",\"dateModified\":\"2024-02-20T11:58:31+00:00\",\"breadcrumb\":{\"@id\":\"https:\\\/\\\/www.novacidade.net\\\/contactos\\\/#breadcrumb\"},\"inLanguage\":\"en-GB\",\"potentialAction\":[{\"@type\":\"ReadAction\",\"target\":[\"https:\\\/\\\/www.novacidade.net\\\/contactos\\\/\"]}]},{\"@type\":\"ImageObject\",\"inLanguage\":\"en-GB\",\"@id\":\"https:\\\/\\\/www.novacidade.net\\\/contactos\\\/#primaryimage\",\"url\":\"https:\\\/\\\/www.novacidade.net\\\/wp-content\\\/uploads\\\/2023\\\/12\\\/header.jpg\",\"contentUrl\":\"https:\\\/\\\/www.novacidade.net\\\/wp-content\\\/uploads\\\/2023\\\/12\\\/header.jpg\",\"width\":1500,\"height\":530},{\"@type\":\"BreadcrumbList\",\"@id\":\"https:\\\/\\\/www.novacidade.net\\\/contactos\\\/#breadcrumb\",\"itemListElement\":[{\"@type\":\"ListItem\",\"position\":1,\"name\":\"In\u00edcio\",\"item\":\"https:\\\/\\\/www.novacidade.net\\\/\"},{\"@type\":\"ListItem\",\"position\":2,\"name\":\"Contactos\"}]},{\"@type\":\"WebSite\",\"@id\":\"https:\\\/\\\/www.novacidade.net\\\/#website\",\"url\":\"https:\\\/\\\/www.novacidade.net\\\/\",\"name\":\"Hotel Nova Cidade\",\"description\":\"\",\"publisher\":{\"@id\":\"https:\\\/\\\/www.novacidade.net\\\/#organization\"},\"potentialAction\":[{\"@type\":\"SearchAction\",\"target\":{\"@type\":\"EntryPoint\",\"urlTemplate\":\"https:\\\/\\\/www.novacidade.net\\\/?s={search_term_string}\"},\"query-input\":{\"@type\":\"PropertyValueSpecification\",\"valueRequired\":true,\"valueName\":\"search_term_string\"}}],\"inLanguage\":\"en-GB\"},{\"@type\":\"Organization\",\"@id\":\"https:\\\/\\\/www.novacidade.net\\\/#organization\",\"name\":\"Hotel Nova Cidade\",\"url\":\"https:\\\/\\\/www.novacidade.net\\\/\",\"logo\":{\"@type\":\"ImageObject\",\"inLanguage\":\"en-GB\",\"@id\":\"https:\\\/\\\/www.novacidade.net\\\/#\\\/schema\\\/logo\\\/image\\\/\",\"url\":\"https:\\\/\\\/www.novacidade.net\\\/wp-content\\\/uploads\\\/2023\\\/12\\\/logo.jpg\",\"contentUrl\":\"https:\\\/\\\/www.novacidade.net\\\/wp-content\\\/uploads\\\/2023\\\/12\\\/logo.jpg\",\"width\":164,\"height\":63,\"caption\":\"Hotel Nova Cidade\"},\"image\":{\"@id\":\"https:\\\/\\\/www.novacidade.net\\\/#\\\/schema\\\/logo\\\/image\\\/\"}}]}<\/script>\n<!-- \/ Yoast SEO plugin. -->","yoast_head_json":{"title":"Contactos - Hotel Nova Cidade","robots":{"index":"index","follow":"follow","max-snippet":"max-snippet:-1","max-image-preview":"max-image-preview:large","max-video-preview":"max-video-preview:-1"},"canonical":"https:\/\/www.novacidade.net\/en\/contactos\/","og_locale":"en_GB","og_type":"article","og_title":"Contactos - Hotel Nova Cidade","og_description":"Se procura uma solu\u00e7\u00e3o de alojamento c\u00f3moda e econ\u00f3mica para visitar Lisboa e Sintra, convidamo-lo a ficar alojado no Hotel Nova Cidade, no centro da Amadora. Acesso imediato a transportes e a 15 minutos da capital, do aeroporto, da vila de Sintra e das praias da Linha de Sintra. Com 23 quartos dispon\u00edveis, servi\u00e7os complementares e um equipa af\u00e1vel e experiente somos a sua melhor op\u00e7\u00e3o para umas f\u00e9rias low-cost.","og_url":"https:\/\/www.novacidade.net\/en\/contactos\/","og_site_name":"Hotel Nova Cidade","article_modified_time":"2024-02-20T11:58:31+00:00","og_image":[{"width":1500,"height":530,"url":"https:\/\/www.novacidade.net\/wp-content\/uploads\/2023\/12\/header.jpg","type":"image\/jpeg"}],"twitter_card":"summary_large_image","twitter_misc":{"Estimated reading time":"1 minute"},"schema":{"@context":"https:\/\/schema.org","@graph":[{"@type":"WebPage","@id":"https:\/\/www.novacidade.net\/contactos\/","url":"https:\/\/www.novacidade.net\/contactos\/","name":"Contactos - Hotel Nova Cidade","isPartOf":{"@id":"https:\/\/www.novacidade.net\/#website"},"primaryImageOfPage":{"@id":"https:\/\/www.novacidade.net\/contactos\/#primaryimage"},"image":{"@id":"https:\/\/www.novacidade.net\/contactos\/#primaryimage"},"thumbnailUrl":"https:\/\/www.novacidade.net\/wp-content\/uploads\/2023\/12\/header.jpg","datePublished":"2023-12-21T15:29:54+00:00","dateModified":"2024-02-20T11:58:31+00:00","breadcrumb":{"@id":"https:\/\/www.novacidade.net\/contactos\/#breadcrumb"},"inLanguage":"en-GB","potentialAction":[{"@type":"ReadAction","target":["https:\/\/www.novacidade.net\/contactos\/"]}]},{"@type":"ImageObject","inLanguage":"en-GB","@id":"https:\/\/www.novacidade.net\/contactos\/#primaryimage","url":"https:\/\/www.novacidade.net\/wp-content\/uploads\/2023\/12\/header.jpg","contentUrl":"https:\/\/www.novacidade.net\/wp-content\/uploads\/2023\/12\/header.jpg","width":1500,"height":530},{"@type":"BreadcrumbList","@id":"https:\/\/www.novacidade.net\/contactos\/#breadcrumb","itemListElement":[{"@type":"ListItem","position":1,"name":"In\u00edcio","item":"https:\/\/www.novacidade.net\/"},{"@type":"ListItem","position":2,"name":"Contactos"}]},{"@type":"WebSite","@id":"https:\/\/www.novacidade.net\/#website","url":"https:\/\/www.novacidade.net\/","name":"Hotel Nova Cidade","description":"","publisher":{"@id":"https:\/\/www.novacidade.net\/#organization"},"potentialAction":[{"@type":"SearchAction","target":{"@type":"EntryPoint","urlTemplate":"https:\/\/www.novacidade.net\/?s={search_term_string}"},"query-input":{"@type":"PropertyValueSpecification","valueRequired":true,"valueName":"search_term_string"}}],"inLanguage":"en-GB"},{"@type":"Organization","@id":"https:\/\/www.novacidade.net\/#organization","name":"Hotel Nova Cidade","url":"https:\/\/www.novacidade.net\/","logo":{"@type":"ImageObject","inLanguage":"en-GB","@id":"https:\/\/www.novacidade.net\/#\/schema\/logo\/image\/","url":"https:\/\/www.novacidade.net\/wp-content\/uploads\/2023\/12\/logo.jpg","contentUrl":"https:\/\/www.novacidade.net\/wp-content\/uploads\/2023\/12\/logo.jpg","width":164,"height":63,"caption":"Hotel Nova Cidade"},"image":{"@id":"https:\/\/www.novacidade.net\/#\/schema\/logo\/image\/"}}]}},"_links":{"self":[{"href":"https:\/\/www.novacidade.net\/en\/wp-json\/wp\/v2\/pages\/1161","targetHints":{"allow":["GET"]}}],"collection":[{"href":"https:\/\/www.novacidade.net\/en\/wp-json\/wp\/v2\/pages"}],"about":[{"href":"https:\/\/www.novacidade.net\/en\/wp-json\/wp\/v2\/types\/page"}],"author":[{"embeddable":true,"href":"https:\/\/www.novacidade.net\/en\/wp-json\/wp\/v2\/users\/1"}],"replies":[{"embeddable":true,"href":"https:\/\/www.novacidade.net\/en\/wp-json\/wp\/v2\/comments?post=1161"}],"version-history":[{"count":3,"href":"https:\/\/www.novacidade.net\/en\/wp-json\/wp\/v2\/pages\/1161\/revisions"}],"predecessor-version":[{"id":1293,"href":"https:\/\/www.novacidade.net\/en\/wp-json\/wp\/v2\/pages\/1161\/revisions\/1293"}],"wp:featuredmedia":[{"embeddable":true,"href":"https:\/\/www.novacidade.net\/en\/wp-json\/wp\/v2\/media\/1178"}],"wp:attachment":[{"href":"https:\/\/www.novacidade.net\/en\/wp-json\/wp\/v2\/media?parent=1161"}],"curies":[{"name":"wp","href":"https:\/\/api.w.org\/{rel}","templated":true}]}}